{"id":970,"date":"2019-11-29T04:54:25","date_gmt":"2019-11-29T04:54:25","guid":{"rendered":"https:\/\/demoapus2.com\/rekon\/?page_id=970"},"modified":"2024-08-26T22:19:09","modified_gmt":"2024-08-26T22:19:09","slug":"servicios","status":"publish","type":"page","link":"https:\/\/cmestructuras.com.co\/?page_id=970","title":{"rendered":"Servicios"},"content":{"rendered":"\t\t<div data-elementor-type=\"wp-page\" data-elementor-id=\"970\" class=\"elementor elementor-970\">\n\t\t\t\t\t\t<section class=\"elementor-section elementor-top-section elementor-element elementor-element-766d359 elementor-section-stretched elementor-hidden-tablet elementor-hidden-mobile elementor-section-boxed elementor-section-height-default elementor-section-height-default\" data-id=\"766d359\" data-element_type=\"section\" data-settings=\"{&quot;stretch_section&quot;:&quot;section-stretched&quot;,&quot;background_background&quot;:&quot;video&quot;,&quot;background_video_link&quot;:&quot;https:\\\/\\\/youtu.be\\\/h9OuJ_-Iuss&quot;}\">\n\t\t\t\t\t\t\t\t<div class=\"elementor-background-video-container elementor-hidden-phone\">\n\t\t\t\t\t\t\t\t\t\t\t\t\t<div class=\"elementor-background-video-embed\"><\/div>\n\t\t\t\t\t\t\t\t\t\t\t\t<\/div>\n\t\t\t\t\t\t\t\t\t<div class=\"elementor-background-overlay\"><\/div>\n\t\t\t\t\t\t\t<div class=\"elementor-container elementor-column-gap-extended\">\n\t\t\t\t\t<div class=\"elementor-column elementor-col-100 elementor-top-column elementor-element elementor-element-f5f3689\" data-id=\"f5f3689\" data-element_type=\"column\">\n\t\t\t<div class=\"elementor-widget-wrap elementor-element-populated\">\n\t\t\t\t\t\t<div class=\"elementor-element elementor-element-c872309 elementor-widget__width-initial elementor-widget-tablet__width-initial elementor-widget-mobile__width-initial elementor-widget elementor-widget-heading\" data-id=\"c872309\" data-element_type=\"widget\" data-widget_type=\"heading.default\">\n\t\t\t\t<div class=\"elementor-widget-container\">\n\t\t\t<style>\/*! elementor - v3.23.0 - 05-08-2024 *\/\n.elementor-heading-title{padding:0;margin:0;line-height:1}.elementor-widget-heading .elementor-heading-title[class*=elementor-size-]>a{color:inherit;font-size:inherit;line-height:inherit}.elementor-widget-heading .elementor-heading-title.elementor-size-small{font-size:15px}.elementor-widget-heading .elementor-heading-title.elementor-size-medium{font-size:19px}.elementor-widget-heading .elementor-heading-title.elementor-size-large{font-size:29px}.elementor-widget-heading .elementor-heading-title.elementor-size-xl{font-size:39px}.elementor-widget-heading .elementor-heading-title.elementor-size-xxl{font-size:59px}<\/style><h2 class=\"elementor-heading-title elementor-size-default\">Nuestros servicios \n<\/h2>\t\t<\/div>\n\t\t\t\t<\/div>\n\t\t\t\t\t<\/div>\n\t\t<\/div>\n\t\t\t\t\t<\/div>\n\t\t<\/section>\n\t\t<div class=\"elementor-element elementor-element-2850dd5 e-flex e-con-boxed e-con e-parent\" data-id=\"2850dd5\" data-element_type=\"container\" data-settings=\"{&quot;background_background&quot;:&quot;classic&quot;}\">\n\t\t\t\t\t<div class=\"e-con-inner\">\n\t\t\t\t<div class=\"elementor-element elementor-element-71d7284 elementor-widget elementor-widget-apus_element_features_box\" data-id=\"71d7284\" data-element_type=\"widget\" data-widget_type=\"apus_element_features_box.default\">\n\t\t\t\t<div class=\"elementor-widget-container\">\n\t\t\t            <div class=\"widget-features-box   style2\">\n\n                    <div class=\"row\">\n                                                        <div class=\"col-xs-12 col-sm-6 col-md-4 col-lg-4\">\n                                    <div class=\"item\">\n                                    \n                                    <div class=\"item-inner\">\n\n                                    <div class=\"features-box-image img\"><img fetchpriority=\"high\" decoding=\"async\" width=\"660\" height=\"440\" src=\"https:\/\/cmestructuras.com.co\/wp-content\/uploads\/2024\/08\/CM-ESTRUCTURAS-35-1024x683.jpg\" class=\"attachment-large size-large wp-image-4185\" alt=\"\" srcset=\"https:\/\/cmestructuras.com.co\/wp-content\/uploads\/2024\/08\/CM-ESTRUCTURAS-35-1024x683.jpg 1024w, https:\/\/cmestructuras.com.co\/wp-content\/uploads\/2024\/08\/CM-ESTRUCTURAS-35-300x200.jpg 300w, https:\/\/cmestructuras.com.co\/wp-content\/uploads\/2024\/08\/CM-ESTRUCTURAS-35-768x512.jpg 768w, https:\/\/cmestructuras.com.co\/wp-content\/uploads\/2024\/08\/CM-ESTRUCTURAS-35-1536x1024.jpg 1536w, https:\/\/cmestructuras.com.co\/wp-content\/uploads\/2024\/08\/CM-ESTRUCTURAS-35-2048x1365.jpg 2048w, https:\/\/cmestructuras.com.co\/wp-content\/uploads\/2024\/08\/CM-ESTRUCTURAS-35-1200x800.jpg 1200w, https:\/\/cmestructuras.com.co\/wp-content\/uploads\/2024\/08\/CM-ESTRUCTURAS-35-460x307.jpg 460w\" sizes=\"(max-width: 660px) 100vw, 660px\" \/><\/div><div class=\"features-box-content\"><h3 class=\"title\">Dise\u00f1o<\/h3><div class=\"description\"><div style=\"text-align: justify\">\n    Contamos con un amplio departamento de ingenier\u00eda que utiliza tecnolog\u00eda BIM para el dise\u00f1o y detallado de proyectos. Nuestro equipo emplea software avanzado para el procesamiento de datos, permitiendo un an\u00e1lisis preciso en el dise\u00f1o de estructuras. Esta tecnolog\u00eda nos ayuda a lograr alta precisi\u00f3n en la fabricaci\u00f3n de los elementos estructurales, asegurando calidad y eficiencia en cada proyecto que emprendemos.\n<\/div><\/div><\/div>\n                                <\/div>\n\n                            <\/div>\n\n                            <\/div>\n                                                        <div class=\"col-xs-12 col-sm-6 col-md-4 col-lg-4\">\n                                    <div class=\"item\">\n                                    \n                                    <div class=\"item-inner\">\n\n                                    <div class=\"features-box-image img\"><img decoding=\"async\" width=\"660\" height=\"485\" src=\"https:\/\/cmestructuras.com.co\/wp-content\/uploads\/2024\/08\/CM-ESTRUCTURAS-24-1024x752.jpg\" class=\"attachment-large size-large wp-image-4159\" alt=\"\" srcset=\"https:\/\/cmestructuras.com.co\/wp-content\/uploads\/2024\/08\/CM-ESTRUCTURAS-24-1024x752.jpg 1024w, https:\/\/cmestructuras.com.co\/wp-content\/uploads\/2024\/08\/CM-ESTRUCTURAS-24-300x220.jpg 300w, https:\/\/cmestructuras.com.co\/wp-content\/uploads\/2024\/08\/CM-ESTRUCTURAS-24-768x564.jpg 768w, https:\/\/cmestructuras.com.co\/wp-content\/uploads\/2024\/08\/CM-ESTRUCTURAS-24-1536x1128.jpg 1536w, https:\/\/cmestructuras.com.co\/wp-content\/uploads\/2024\/08\/CM-ESTRUCTURAS-24-2048x1504.jpg 2048w, https:\/\/cmestructuras.com.co\/wp-content\/uploads\/2024\/08\/CM-ESTRUCTURAS-24-460x338.jpg 460w\" sizes=\"(max-width: 660px) 100vw, 660px\" \/><\/div><div class=\"features-box-content\"><h3 class=\"title\">Fabricaci\u00f3n<\/h3><div class=\"description\"><div style=\"text-align: justify\">\n    CM dispone de personal altamente calificado y los equipos m\u00e1s modernos para fabricar estructuras de acero. Utilizamos mesas de corte CNC y equipos de soldadura con diversas capacidades, incluyendo arco sumergido y MIG, adem\u00e1s de cizallas y puentes gr\u00faa. Estos recursos garantizan calidad y tiempos de fabricaci\u00f3n \u00f3ptimos, respetando los est\u00e1ndares m\u00e1s altos para cumplir las necesidades espec\u00edficas de nuestros clientes.Todos los procesos se desarrollan dentro de un estricto control de la Seguridad Industrial, con el fin de evitar accidentes y garantizar la salud de los trabajadores.\n<\/div>\n\n<\/div><\/div>\n                                <\/div>\n\n                            <\/div>\n\n                            <\/div>\n                                                        <div class=\"col-xs-12 col-sm-6 col-md-4 col-lg-4\">\n                                    <div class=\"item\">\n                                    \n                                    <div class=\"item-inner\">\n\n                                    <div class=\"features-box-image img\"><img decoding=\"async\" width=\"660\" height=\"495\" src=\"https:\/\/cmestructuras.com.co\/wp-content\/uploads\/2024\/08\/WhatsApp-Image-2024-07-30-at-20.22.02-1024x768.jpeg\" class=\"attachment-large size-large wp-image-4141\" alt=\"\" srcset=\"https:\/\/cmestructuras.com.co\/wp-content\/uploads\/2024\/08\/WhatsApp-Image-2024-07-30-at-20.22.02-1024x768.jpeg 1024w, https:\/\/cmestructuras.com.co\/wp-content\/uploads\/2024\/08\/WhatsApp-Image-2024-07-30-at-20.22.02-300x225.jpeg 300w, https:\/\/cmestructuras.com.co\/wp-content\/uploads\/2024\/08\/WhatsApp-Image-2024-07-30-at-20.22.02-768x576.jpeg 768w, https:\/\/cmestructuras.com.co\/wp-content\/uploads\/2024\/08\/WhatsApp-Image-2024-07-30-at-20.22.02-460x345.jpeg 460w, https:\/\/cmestructuras.com.co\/wp-content\/uploads\/2024\/08\/WhatsApp-Image-2024-07-30-at-20.22.02.jpeg 1280w\" sizes=\"(max-width: 660px) 100vw, 660px\" \/><\/div><div class=\"features-box-content\"><h3 class=\"title\">Montaje<\/h3><div class=\"description\"><div style=\"text-align: justify\">\n    CM realiza el montaje de las estructuras con un equipo humano experimentado y equipos adecuados para manejar diversas piezas. Todos los procesos de montaje se ejecutan cumpliendo rigurosamente con las normas de seguridad industrial, especialmente para trabajos en altura. Nos enfocamos en garantizar un ambiente laboral seguro y eficiente, entregando resultados excepcionales en cada proyecto que llevamos a cabo.\n<\/div>\n\n\n<\/div><\/div>\n                                <\/div>\n\n                            <\/div>\n\n                            <\/div>\n                                            <\/div>\n\n            <\/div>\n            \t\t<\/div>\n\t\t\t\t<\/div>\n\t\t\t\t\t<\/div>\n\t\t\t\t<\/div>\n\t\t\t\t<\/div>\n\t\t","protected":false},"excerpt":{"rendered":"<p>Nuestros servicios Dise\u00f1o Contamos con un amplio departamento de ingenier\u00eda que utiliza tecnolog\u00eda BIM para el dise\u00f1o y detallado de proyectos. Nuestro equipo emplea software avanzado para el procesamiento de datos, permitiendo un an\u00e1lisis preciso en el dise\u00f1o de estructuras. Esta tecnolog\u00eda nos ayuda a lograr alta precisi\u00f3n en la fabricaci\u00f3n de los elementos estructurales, &hellip; <br \/><a href=\"https:\/\/cmestructuras.com.co\/?page_id=970\" class=\"more-link\">Continue reading <span class=\"screen-reader-text\">Servicios<\/span><\/a><\/p>\n","protected":false},"author":1,"featured_media":0,"parent":0,"menu_order":0,"comment_status":"closed","ping_status":"closed","template":"","meta":{"footnotes":""},"class_list":["post-970","page","type-page","status-publish","hentry"],"yoast_head":"<!-- This site is optimized with the Yoast SEO plugin v23.0 - https:\/\/yoast.com\/wordpress\/plugins\/seo\/ -->\n<title>Servicios - Cm Estructuras<\/title>\n<meta name=\"robots\" content=\"index, follow, max-snippet:-1, max-image-preview:large, max-video-preview:-1\" \/>\n<link rel=\"canonical\" href=\"https:\/\/cmestructuras.com.co\/?page_id=970\" \/>\n<meta property=\"og:locale\" content=\"en_US\" \/>\n<meta property=\"og:type\" content=\"article\" \/>\n<meta property=\"og:title\" content=\"Servicios - Cm Estructuras\" \/>\n<meta property=\"og:description\" content=\"Nuestros servicios Dise\u00f1o Contamos con un amplio departamento de ingenier\u00eda que utiliza tecnolog\u00eda BIM para el dise\u00f1o y detallado de proyectos. Nuestro equipo emplea software avanzado para el procesamiento de datos, permitiendo un an\u00e1lisis preciso en el dise\u00f1o de estructuras. Esta tecnolog\u00eda nos ayuda a lograr alta precisi\u00f3n en la fabricaci\u00f3n de los elementos estructurales, &hellip; Continue reading Servicios\" \/>\n<meta property=\"og:url\" content=\"https:\/\/cmestructuras.com.co\/?page_id=970\" \/>\n<meta property=\"og:site_name\" content=\"Cm Estructuras\" \/>\n<meta property=\"article:modified_time\" content=\"2024-08-26T22:19:09+00:00\" \/>\n<meta property=\"og:image\" content=\"https:\/\/cmestructuras.com.co\/wp-content\/uploads\/2024\/08\/CM-ESTRUCTURAS-35-1024x683.jpg\" \/>\n<meta name=\"twitter:card\" content=\"summary_large_image\" \/>\n<meta name=\"twitter:label1\" content=\"Est. reading time\" \/>\n\t<meta name=\"twitter:data1\" content=\"2 minutes\" \/>\n<script type=\"application\/ld+json\" class=\"yoast-schema-graph\">{\"@context\":\"https:\/\/schema.org\",\"@graph\":[{\"@type\":\"WebPage\",\"@id\":\"https:\/\/cmestructuras.com.co\/?page_id=970\",\"url\":\"https:\/\/cmestructuras.com.co\/?page_id=970\",\"name\":\"Servicios - Cm Estructuras\",\"isPartOf\":{\"@id\":\"http:\/\/cmestructuras.com.co\/#website\"},\"primaryImageOfPage\":{\"@id\":\"https:\/\/cmestructuras.com.co\/?page_id=970#primaryimage\"},\"image\":{\"@id\":\"https:\/\/cmestructuras.com.co\/?page_id=970#primaryimage\"},\"thumbnailUrl\":\"https:\/\/cmestructuras.com.co\/wp-content\/uploads\/2024\/08\/CM-ESTRUCTURAS-35-1024x683.jpg\",\"datePublished\":\"2019-11-29T04:54:25+00:00\",\"dateModified\":\"2024-08-26T22:19:09+00:00\",\"breadcrumb\":{\"@id\":\"https:\/\/cmestructuras.com.co\/?page_id=970#breadcrumb\"},\"inLanguage\":\"en-US\",\"potentialAction\":[{\"@type\":\"ReadAction\",\"target\":[\"https:\/\/cmestructuras.com.co\/?page_id=970\"]}]},{\"@type\":\"ImageObject\",\"inLanguage\":\"en-US\",\"@id\":\"https:\/\/cmestructuras.com.co\/?page_id=970#primaryimage\",\"url\":\"https:\/\/cmestructuras.com.co\/wp-content\/uploads\/2024\/08\/CM-ESTRUCTURAS-35-scaled.jpg\",\"contentUrl\":\"https:\/\/cmestructuras.com.co\/wp-content\/uploads\/2024\/08\/CM-ESTRUCTURAS-35-scaled.jpg\",\"width\":2560,\"height\":1707},{\"@type\":\"BreadcrumbList\",\"@id\":\"https:\/\/cmestructuras.com.co\/?page_id=970#breadcrumb\",\"itemListElement\":[{\"@type\":\"ListItem\",\"position\":1,\"name\":\"Home\",\"item\":\"https:\/\/cmestructuras.com.co\/\"},{\"@type\":\"ListItem\",\"position\":2,\"name\":\"Servicios\"}]},{\"@type\":\"WebSite\",\"@id\":\"http:\/\/cmestructuras.com.co\/#website\",\"url\":\"http:\/\/cmestructuras.com.co\/\",\"name\":\"Cm Estructuras\",\"description\":\"\",\"publisher\":{\"@id\":\"http:\/\/cmestructuras.com.co\/#organization\"},\"potentialAction\":[{\"@type\":\"SearchAction\",\"target\":{\"@type\":\"EntryPoint\",\"urlTemplate\":\"http:\/\/cmestructuras.com.co\/?s={search_term_string}\"},\"query-input\":\"required name=search_term_string\"}],\"inLanguage\":\"en-US\"},{\"@type\":\"Organization\",\"@id\":\"http:\/\/cmestructuras.com.co\/#organization\",\"name\":\"Cm Estructuras\",\"url\":\"http:\/\/cmestructuras.com.co\/\",\"logo\":{\"@type\":\"ImageObject\",\"inLanguage\":\"en-US\",\"@id\":\"http:\/\/cmestructuras.com.co\/#\/schema\/logo\/image\/\",\"url\":\"https:\/\/cmestructuras.com.co\/wp-content\/uploads\/2024\/08\/CM-1-.png\",\"contentUrl\":\"https:\/\/cmestructuras.com.co\/wp-content\/uploads\/2024\/08\/CM-1-.png\",\"width\":350,\"height\":100,\"caption\":\"Cm Estructuras\"},\"image\":{\"@id\":\"http:\/\/cmestructuras.com.co\/#\/schema\/logo\/image\/\"}}]}<\/script>\n<!-- \/ Yoast SEO plugin. -->","yoast_head_json":{"title":"Servicios - Cm Estructuras","robots":{"index":"index","follow":"follow","max-snippet":"max-snippet:-1","max-image-preview":"max-image-preview:large","max-video-preview":"max-video-preview:-1"},"canonical":"https:\/\/cmestructuras.com.co\/?page_id=970","og_locale":"en_US","og_type":"article","og_title":"Servicios - Cm Estructuras","og_description":"Nuestros servicios Dise\u00f1o Contamos con un amplio departamento de ingenier\u00eda que utiliza tecnolog\u00eda BIM para el dise\u00f1o y detallado de proyectos. Nuestro equipo emplea software avanzado para el procesamiento de datos, permitiendo un an\u00e1lisis preciso en el dise\u00f1o de estructuras. Esta tecnolog\u00eda nos ayuda a lograr alta precisi\u00f3n en la fabricaci\u00f3n de los elementos estructurales, &hellip; Continue reading Servicios","og_url":"https:\/\/cmestructuras.com.co\/?page_id=970","og_site_name":"Cm Estructuras","article_modified_time":"2024-08-26T22:19:09+00:00","og_image":[{"url":"https:\/\/cmestructuras.com.co\/wp-content\/uploads\/2024\/08\/CM-ESTRUCTURAS-35-1024x683.jpg"}],"twitter_card":"summary_large_image","twitter_misc":{"Est. reading time":"2 minutes"},"schema":{"@context":"https:\/\/schema.org","@graph":[{"@type":"WebPage","@id":"https:\/\/cmestructuras.com.co\/?page_id=970","url":"https:\/\/cmestructuras.com.co\/?page_id=970","name":"Servicios - Cm Estructuras","isPartOf":{"@id":"http:\/\/cmestructuras.com.co\/#website"},"primaryImageOfPage":{"@id":"https:\/\/cmestructuras.com.co\/?page_id=970#primaryimage"},"image":{"@id":"https:\/\/cmestructuras.com.co\/?page_id=970#primaryimage"},"thumbnailUrl":"https:\/\/cmestructuras.com.co\/wp-content\/uploads\/2024\/08\/CM-ESTRUCTURAS-35-1024x683.jpg","datePublished":"2019-11-29T04:54:25+00:00","dateModified":"2024-08-26T22:19:09+00:00","breadcrumb":{"@id":"https:\/\/cmestructuras.com.co\/?page_id=970#breadcrumb"},"inLanguage":"en-US","potentialAction":[{"@type":"ReadAction","target":["https:\/\/cmestructuras.com.co\/?page_id=970"]}]},{"@type":"ImageObject","inLanguage":"en-US","@id":"https:\/\/cmestructuras.com.co\/?page_id=970#primaryimage","url":"https:\/\/cmestructuras.com.co\/wp-content\/uploads\/2024\/08\/CM-ESTRUCTURAS-35-scaled.jpg","contentUrl":"https:\/\/cmestructuras.com.co\/wp-content\/uploads\/2024\/08\/CM-ESTRUCTURAS-35-scaled.jpg","width":2560,"height":1707},{"@type":"BreadcrumbList","@id":"https:\/\/cmestructuras.com.co\/?page_id=970#breadcrumb","itemListElement":[{"@type":"ListItem","position":1,"name":"Home","item":"https:\/\/cmestructuras.com.co\/"},{"@type":"ListItem","position":2,"name":"Servicios"}]},{"@type":"WebSite","@id":"http:\/\/cmestructuras.com.co\/#website","url":"http:\/\/cmestructuras.com.co\/","name":"Cm Estructuras","description":"","publisher":{"@id":"http:\/\/cmestructuras.com.co\/#organization"},"potentialAction":[{"@type":"SearchAction","target":{"@type":"EntryPoint","urlTemplate":"http:\/\/cmestructuras.com.co\/?s={search_term_string}"},"query-input":"required name=search_term_string"}],"inLanguage":"en-US"},{"@type":"Organization","@id":"http:\/\/cmestructuras.com.co\/#organization","name":"Cm Estructuras","url":"http:\/\/cmestructuras.com.co\/","logo":{"@type":"ImageObject","inLanguage":"en-US","@id":"http:\/\/cmestructuras.com.co\/#\/schema\/logo\/image\/","url":"https:\/\/cmestructuras.com.co\/wp-content\/uploads\/2024\/08\/CM-1-.png","contentUrl":"https:\/\/cmestructuras.com.co\/wp-content\/uploads\/2024\/08\/CM-1-.png","width":350,"height":100,"caption":"Cm Estructuras"},"image":{"@id":"http:\/\/cmestructuras.com.co\/#\/schema\/logo\/image\/"}}]}},"_links":{"self":[{"href":"https:\/\/cmestructuras.com.co\/index.php?rest_route=\/wp\/v2\/pages\/970","targetHints":{"allow":["GET"]}}],"collection":[{"href":"https:\/\/cmestructuras.com.co\/index.php?rest_route=\/wp\/v2\/pages"}],"about":[{"href":"https:\/\/cmestructuras.com.co\/index.php?rest_route=\/wp\/v2\/types\/page"}],"author":[{"embeddable":true,"href":"https:\/\/cmestructuras.com.co\/index.php?rest_route=\/wp\/v2\/users\/1"}],"replies":[{"embeddable":true,"href":"https:\/\/cmestructuras.com.co\/index.php?rest_route=%2Fwp%2Fv2%2Fcomments&post=970"}],"version-history":[{"count":6,"href":"https:\/\/cmestructuras.com.co\/index.php?rest_route=\/wp\/v2\/pages\/970\/revisions"}],"predecessor-version":[{"id":4441,"href":"https:\/\/cmestructuras.com.co\/index.php?rest_route=\/wp\/v2\/pages\/970\/revisions\/4441"}],"wp:attachment":[{"href":"https:\/\/cmestructuras.com.co\/index.php?rest_route=%2Fwp%2Fv2%2Fmedia&parent=970"}],"curies":[{"name":"wp","href":"https:\/\/api.w.org\/{rel}","templated":true}]}}